{"id":26,"date":"2024-10-27T13:11:47","date_gmt":"2024-10-27T13:11:47","guid":{"rendered":"https:\/\/innosen.sn\/?page_id=26"},"modified":"2025-02-06T15:58:09","modified_gmt":"2025-02-06T15:58:09","slug":"qui-sommes-nous","status":"publish","type":"page","link":"https:\/\/innosen.sn\/index.php\/qui-sommes-nous\/","title":{"rendered":"Qui sommes-nous?"},"content":{"rendered":"\n<p>InnoSen est une soci\u00e9t\u00e9 de d\u00e9veloppement de logiciels et de conseil en informatique, t\u00e9l\u00e9coms et audiovisuel qui a \u00e9t\u00e9 fond\u00e9e en 2021. Notre soci\u00e9t\u00e9 est au service d&rsquo;organisations informatiques et non informatiques, les aidant \u00e0 atteindre une vari\u00e9t\u00e9 de buts et d&rsquo;objectifs gr\u00e2ce \u00e0 des solutions num\u00e9riques et aux technologies les plus r\u00e9centes.<\/p>\n\n\n\n<figure class=\"wp-block-embed is-type-video is-provider-youtube wp-block-embed-youtube wp-embed-aspect-16-9 wp-has-aspect-ratio\"><div class=\"wp-block-embed__wrapper\">\n<iframe loading=\"lazy\" title=\"Avec InnoSen, transforme ton futur nume\u0301rique!\" width=\"584\" height=\"329\" src=\"https:\/\/www.youtube.com\/embed\/OkepaWJ2mpk?feature=oembed\" frameborder=\"0\" allow=\"accelerometer; autoplay; clipboard-write; encrypted-media; gyroscope; picture-in-picture; web-share\" referrerpolicy=\"strict-origin-when-cross-origin\" allowfullscreen><\/iframe>\n<\/div><\/figure>\n","protected":false},"excerpt":{"rendered":"<p>InnoSen est une soci\u00e9t\u00e9 de d\u00e9veloppement de logiciels et de conseil en informatique, t\u00e9l\u00e9coms et audiovisuel qui a \u00e9t\u00e9 fond\u00e9e en 2021. Notre soci\u00e9t\u00e9 est au service d&rsquo;organisations informatiques et non informatiques, les aidant \u00e0 atteindre une vari\u00e9t\u00e9 de buts et d&rsquo;objectifs gr\u00e2ce \u00e0 des solutions num\u00e9riques et aux technologies<a href=\"https:\/\/innosen.sn\/index.php\/qui-sommes-nous\/\" class=\"read-more\">Read More<\/a><\/p>\n","protected":false},"author":1,"featured_media":0,"parent":0,"menu_order":0,"comment_status":"closed","ping_status":"closed","template":"","meta":{"footnotes":""},"class_list":["post-26","page","type-page","status-publish","hentry"],"_links":{"self":[{"href":"https:\/\/innosen.sn\/index.php\/wp-json\/wp\/v2\/pages\/26","targetHints":{"allow":["GET"]}}],"collection":[{"href":"https:\/\/innosen.sn\/index.php\/wp-json\/wp\/v2\/pages"}],"about":[{"href":"https:\/\/innosen.sn\/index.php\/wp-json\/wp\/v2\/types\/page"}],"author":[{"embeddable":true,"href":"https:\/\/innosen.sn\/index.php\/wp-json\/wp\/v2\/users\/1"}],"replies":[{"embeddable":true,"href":"https:\/\/innosen.sn\/index.php\/wp-json\/wp\/v2\/comments?post=26"}],"version-history":[{"count":3,"href":"https:\/\/innosen.sn\/index.php\/wp-json\/wp\/v2\/pages\/26\/revisions"}],"predecessor-version":[{"id":282,"href":"https:\/\/innosen.sn\/index.php\/wp-json\/wp\/v2\/pages\/26\/revisions\/282"}],"wp:attachment":[{"href":"https:\/\/innosen.sn\/index.php\/wp-json\/wp\/v2\/media?parent=26"}],"curies":[{"name":"wp","href":"https:\/\/api.w.org\/{rel}","templated":true}]}}