{"id":27,"date":"2024-10-27T13:11:47","date_gmt":"2024-10-27T13:11:47","guid":{"rendered":"https:\/\/innosen.sn\/?page_id=27"},"modified":"2025-02-06T16:36:36","modified_gmt":"2025-02-06T16:36:36","slug":"gouvernance","status":"publish","type":"page","link":"https:\/\/innosen.sn\/index.php\/gouvernance\/","title":{"rendered":"Equipe d\u00e9vou\u00e9e"},"content":{"rendered":"\n<p><a>Nos d\u00e9veloppeurs front-end<\/a><\/p>\n\n\n\n<p>Nous sommes pr\u00eats \u00e0 renforcer votre \u00e9quipe informatique avec nos d\u00e9veloppeurs front-end qualifi\u00e9s. Gr\u00e2ce \u00e0 leur expertise, ils suivent de pr\u00e8s les derni\u00e8res tendances technologiques pour s&rsquo;assurer que votre projet reste \u00e0 la pointe de linnovation. Faites confiance \u00e0 notre \u00e9quipe pour transformer vos id\u00e9es en solutions \u00e0 la fois performantes et esth\u00e9tiques.<\/p>\n\n\n\n<p><a>Nos d\u00e9veloppeurs back-end<\/a><\/p>\n\n\n\n<p>Nous r\u00e9unissons des sp\u00e9cialistes back-end de premier ordre, poss\u00e9dant une connaissance approfondie du d\u00e9veloppement c\u00f4t\u00e9 serveur. Notre \u00e9quipe s&rsquo;engage \u00e0 concevoir des solutions innovantes et efficaces pour satisfaire les exigences de nos clients. Forts de notre exp\u00e9rience, nous assur une performance optimale et une int\u00e9gration harmonieuse syst\u00e8mes. Comptez sur nos experts pour mener votre projet vers la r\u00e9ussite<\/p>\n","protected":false},"excerpt":{"rendered":"<p>Nos d\u00e9veloppeurs front-end Nous sommes pr\u00eats \u00e0 renforcer votre \u00e9quipe informatique avec nos d\u00e9veloppeurs front-end qualifi\u00e9s. Gr\u00e2ce \u00e0 leur expertise, ils suivent de pr\u00e8s les derni\u00e8res tendances technologiques pour s&rsquo;assurer que votre projet reste \u00e0 la pointe de linnovation. Faites confiance \u00e0 notre \u00e9quipe pour transformer vos id\u00e9es en solutions<a href=\"https:\/\/innosen.sn\/index.php\/gouvernance\/\" class=\"read-more\">Read More<\/a><\/p>\n","protected":false},"author":1,"featured_media":0,"parent":0,"menu_order":0,"comment_status":"closed","ping_status":"closed","template":"","meta":{"footnotes":""},"class_list":["post-27","page","type-page","status-publish","hentry"],"_links":{"self":[{"href":"https:\/\/innosen.sn\/index.php\/wp-json\/wp\/v2\/pages\/27","targetHints":{"allow":["GET"]}}],"collection":[{"href":"https:\/\/innosen.sn\/index.php\/wp-json\/wp\/v2\/pages"}],"about":[{"href":"https:\/\/innosen.sn\/index.php\/wp-json\/wp\/v2\/types\/page"}],"author":[{"embeddable":true,"href":"https:\/\/innosen.sn\/index.php\/wp-json\/wp\/v2\/users\/1"}],"replies":[{"embeddable":true,"href":"https:\/\/innosen.sn\/index.php\/wp-json\/wp\/v2\/comments?post=27"}],"version-history":[{"count":2,"href":"https:\/\/innosen.sn\/index.php\/wp-json\/wp\/v2\/pages\/27\/revisions"}],"predecessor-version":[{"id":286,"href":"https:\/\/innosen.sn\/index.php\/wp-json\/wp\/v2\/pages\/27\/revisions\/286"}],"wp:attachment":[{"href":"https:\/\/innosen.sn\/index.php\/wp-json\/wp\/v2\/media?parent=27"}],"curies":[{"name":"wp","href":"https:\/\/api.w.org\/{rel}","templated":true}]}}