{"id":302,"date":"2025-02-08T12:17:59","date_gmt":"2025-02-08T12:17:59","guid":{"rendered":"https:\/\/innosen.sn\/?page_id=302"},"modified":"2025-02-08T12:18:01","modified_gmt":"2025-02-08T12:18:01","slug":"quest-ce-quun-seminaire-dentreprise-et-comment-lorganiser","status":"publish","type":"page","link":"https:\/\/innosen.sn\/index.php\/quest-ce-quun-seminaire-dentreprise-et-comment-lorganiser\/","title":{"rendered":"Qu&rsquo;est ce qu&rsquo;un s\u00e9minaire d&rsquo;entreprise et comment l&rsquo;organiser ?"},"content":{"rendered":"\n<p>Un\u00a0<strong>s\u00e9minaire d&rsquo;entreprise<\/strong>\u00a0est un \u00e9v\u00e9nement organis\u00e9 par une entreprise pour r\u00e9unir ses employ\u00e9s, le plus souvent dans un lieu autre que le cadre de travail habituel, afin d&rsquo;atteindre divers objectifs strat\u00e9giques.\u00a0Ces \u00e9v\u00e9nements peuvent durer d&rsquo;une journ\u00e9e \u00e0 plusieurs jours et sont g\u00e9n\u00e9ralement ax\u00e9s sur la formation, la coh\u00e9sion d&rsquo;\u00e9quipe ou le d\u00e9veloppement strat\u00e9gique.\u00a0Le s\u00e9minaire d&rsquo;entreprise est un v\u00e9ritable outil de management qui permet de faire le point sur l&rsquo;activit\u00e9, de lancer un nouveau projet, ou de travailler sur certaines probl\u00e9matiques. <strong>Objectifs d&rsquo;un s\u00e9minaire d&rsquo;entreprise :<\/strong><\/p>\n\n\n\n<ul class=\"wp-block-list\">\n<li><strong>Coh\u00e9sion d\u2019\u00e9quipe<\/strong>\u00a0Les s\u00e9minaires d&rsquo;entreprise servent \u00e0 renforcer la coh\u00e9sion d&rsquo;\u00e9quipe en encourageant les employ\u00e9s \u00e0 \u00e9changer ensemble dans un environnement diff\u00e9rent.<\/li>\n\n\n\n<li><strong>Communication interne<\/strong>\u00a0L&rsquo;organisation d&rsquo;un s\u00e9minaire permet de r\u00e9unir une \u00e9quipe dans un cadre qui encourage la communication et facilite les \u00e9changes entre les collaborateurs.<\/li>\n\n\n\n<li><strong>Motivation<\/strong>\u00a0Ces \u00e9v\u00e9nements sont tr\u00e8s utiles pour renforcer la motivation des employ\u00e9s d&rsquo;une entreprise.<\/li>\n\n\n\n<li><strong>D\u00e9veloppement des comp\u00e9tences<\/strong>\u00a0Les s\u00e9minaires permettent d&rsquo;am\u00e9liorer les comp\u00e9tences des employ\u00e9s.<\/li>\n\n\n\n<li><strong>Partage de connaissances<\/strong>\u00a0Ils permettent le partage de connaissances, des r\u00e9flexions strat\u00e9giques et l&rsquo;impl\u00e9mentation de changements dans les proc\u00e9dures de l&rsquo;entreprise.<\/li>\n<\/ul>\n\n\n\n<p><strong>Comment organiser un s\u00e9minaire d\u2019entreprise :<\/strong><\/p>\n\n\n\n<ul class=\"wp-block-list\">\n<li><strong>Fixer les objectifs<\/strong>\u00a0D\u00e9terminez les objectifs et les attentes li\u00e9s \u00e0 l&rsquo;\u00e9v\u00e9nement.<\/li>\n\n\n\n<li><strong>D\u00e9terminer le budget<\/strong>\u00a0Allouer un budget pour le s\u00e9minaire.<\/li>\n\n\n\n<li><strong>Choisir le lieu<\/strong>\u00a0Optez pour un lieu original qui sort du cadre traditionnel de l\u2019entreprise.<\/li>\n\n\n\n<li><strong>D\u00e9finir la date et la dur\u00e9e<\/strong>\u00a0Choisissez la date et la dur\u00e9e du s\u00e9minaire.<\/li>\n\n\n\n<li><strong>\u00c9tablir un devis<\/strong>\u00a0Indiquez les prix des prestations du s\u00e9jour : h\u00f4tels, transports, salles de r\u00e9union, activit\u00e9s.<\/li>\n\n\n\n<li><strong>Dresser un planning d\u00e9taill\u00e9<\/strong>\u00a0Indiquez les d\u00e9tails des r\u00e9unions, les lieux \u00e0 visiter sur place, les moments de d\u00e9tente, les activit\u00e9s de team building, etc<\/li>\n<\/ul>\n","protected":false},"excerpt":{"rendered":"<p>Un\u00a0s\u00e9minaire d&rsquo;entreprise\u00a0est un \u00e9v\u00e9nement organis\u00e9 par une entreprise pour r\u00e9unir ses employ\u00e9s, le plus souvent dans un lieu autre que le cadre de travail habituel, afin d&rsquo;atteindre divers objectifs strat\u00e9giques.\u00a0Ces \u00e9v\u00e9nements peuvent durer d&rsquo;une journ\u00e9e \u00e0 plusieurs jours et sont g\u00e9n\u00e9ralement ax\u00e9s sur la formation, la coh\u00e9sion d&rsquo;\u00e9quipe ou le<a href=\"https:\/\/innosen.sn\/index.php\/quest-ce-quun-seminaire-dentreprise-et-comment-lorganiser\/\" class=\"read-more\">Read More<\/a><\/p>\n","protected":false},"author":1,"featured_media":0,"parent":0,"menu_order":0,"comment_status":"closed","ping_status":"closed","template":"","meta":{"footnotes":""},"class_list":["post-302","page","type-page","status-publish","hentry"],"_links":{"self":[{"href":"https:\/\/innosen.sn\/index.php\/wp-json\/wp\/v2\/pages\/302","targetHints":{"allow":["GET"]}}],"collection":[{"href":"https:\/\/innosen.sn\/index.php\/wp-json\/wp\/v2\/pages"}],"about":[{"href":"https:\/\/innosen.sn\/index.php\/wp-json\/wp\/v2\/types\/page"}],"author":[{"embeddable":true,"href":"https:\/\/innosen.sn\/index.php\/wp-json\/wp\/v2\/users\/1"}],"replies":[{"embeddable":true,"href":"https:\/\/innosen.sn\/index.php\/wp-json\/wp\/v2\/comments?post=302"}],"version-history":[{"count":1,"href":"https:\/\/innosen.sn\/index.php\/wp-json\/wp\/v2\/pages\/302\/revisions"}],"predecessor-version":[{"id":303,"href":"https:\/\/innosen.sn\/index.php\/wp-json\/wp\/v2\/pages\/302\/revisions\/303"}],"wp:attachment":[{"href":"https:\/\/innosen.sn\/index.php\/wp-json\/wp\/v2\/media?parent=302"}],"curies":[{"name":"wp","href":"https:\/\/api.w.org\/{rel}","templated":true}]}}