{"id":37,"date":"2024-10-27T13:11:48","date_gmt":"2024-10-27T13:11:48","guid":{"rendered":"https:\/\/innosen.sn\/?page_id=37"},"modified":"2024-12-23T10:40:08","modified_gmt":"2024-12-23T10:40:08","slug":"creation","status":"publish","type":"page","link":"https:\/\/innosen.sn\/index.php\/creation\/","title":{"rendered":"Managed Service Solutions"},"content":{"rendered":"\n<figure class=\"wp-block-table\"><table class=\"has-fixed-layout\"><tbody><tr><td><\/td><td><\/td><td><\/td><\/tr><\/tbody><\/table><\/figure>\n\n\n\n<figure class=\"wp-block-table\"><table class=\"has-fixed-layout\"><tbody><tr><td class=\"has-text-align-center\" data-align=\"center\"><a href=\"https:\/\/whatthehack.fr\/videos\/\" target=\"_blank\" rel=\"noreferrer noopener\">SCHOOL-HACK<\/a><br><br><strong><em>Hackathons p\u00e9dagogiques qui aident vos \u00e9tudiants \u00e0 d\u00e9velopper des projets (\u00e0 se d\u00e9passer \/ \u00e0 entreprendre).<\/em><\/strong><br><br><img loading=\"lazy\" decoding=\"async\" width=\"24\" height=\"24\" srcset=\"https:\/\/whatthehack.fr\/wp-content\/uploads\/2022\/08\/nb-de-participants-300x300-1.jpg 300w, https:\/\/whatthehack.fr\/wp-content\/uploads\/2022\/08\/nb-de-participants-300x300-1-150x150.jpg 150w\" src=\"https:\/\/whatthehack.fr\/wp-content\/uploads\/2022\/08\/nb-de-participants-300x300-1-300x300.jpg\" alt=\"\">\u00a0 \u00a0\u00c0 partir de 20 participants<br><img loading=\"lazy\" decoding=\"async\" width=\"24\" height=\"24\" src=\"https:\/\/whatthehack.fr\/wp-content\/uploads\/2022\/08\/desing-sprint-300x300-1-e1660828997958.jpg\" alt=\"\">\u00a0 \u00a0Entre 2 et 5 jours<br><img loading=\"lazy\" decoding=\"async\" width=\"26\" height=\"26\" srcset=\"https:\/\/whatthehack.fr\/wp-content\/uploads\/2022\/12\/micro-300x300.png 300w, https:\/\/whatthehack.fr\/wp-content\/uploads\/2022\/12\/micro-150x150.png 150w, https:\/\/whatthehack.fr\/wp-content\/uploads\/2022\/12\/micro.png 512w\" src=\"https:\/\/whatthehack.fr\/wp-content\/uploads\/2022\/12\/micro-300x300.png\" alt=\"animation\">\u00a0 Animation et facilitation<\/td><td class=\"has-text-align-center\" data-align=\"center\"><a href=\"https:\/\/whatthehack.fr\/videos\/\" target=\"_blank\" rel=\"noreferrer noopener\">SEMI-HACK<\/a><br><br><strong><em>Un service ax\u00e9 sur l\u2019accompagnement et l\u2019animation d\u2019un hackathon : \u201cvous faites et on vous aide \u00e0 faire\u201d.<\/em><\/strong><br><img loading=\"lazy\" decoding=\"async\" width=\"24\" height=\"24\" srcset=\"https:\/\/whatthehack.fr\/wp-content\/uploads\/2022\/08\/nb-de-participants-300x300-1.jpg 300w, https:\/\/whatthehack.fr\/wp-content\/uploads\/2022\/08\/nb-de-participants-300x300-1-150x150.jpg 150w\" src=\"https:\/\/whatthehack.fr\/wp-content\/uploads\/2022\/08\/nb-de-participants-300x300-1-300x300.jpg\" alt=\"\">\u00a0 \u00c0 partir de 20 participants<br><img loading=\"lazy\" decoding=\"async\" width=\"24\" height=\"24\" src=\"https:\/\/whatthehack.fr\/wp-content\/uploads\/2022\/08\/desing-sprint-300x300-1-e1660828997958.jpg\" alt=\"\">\u00a0 \u00a0Entre 2 et 3 jours<br><img loading=\"lazy\" decoding=\"async\" width=\"23\" height=\"23\" src=\"https:\/\/whatthehack.fr\/wp-content\/uploads\/2022\/08\/intervenants-externes-300x300-1-300x300.jpg\" alt=\"intervenants externes\">\u00a0 \u00a0Intervenants externes : coachs, speakers\u2026<br><img loading=\"lazy\" decoding=\"async\" width=\"26\" height=\"26\" srcset=\"https:\/\/whatthehack.fr\/wp-content\/uploads\/2022\/12\/micro-300x300.png 300w, https:\/\/whatthehack.fr\/wp-content\/uploads\/2022\/12\/micro-150x150.png 150w, https:\/\/whatthehack.fr\/wp-content\/uploads\/2022\/12\/micro.png 512w\" src=\"https:\/\/whatthehack.fr\/wp-content\/uploads\/2022\/12\/micro-300x300.png\" alt=\"animation\">\u00a0\u00a0Animation et facilitation<\/td><td class=\"has-text-align-center\" data-align=\"center\"><a href=\"https:\/\/whatthehack.fr\/videos\/\" target=\"_blank\" rel=\"noreferrer noopener\">FULL-HACK<\/a><br><em><strong>Un hackathon o\u00f9 nous assumons en grande partie la conceptualisation, l\u2019organisation et l\u2019animation.\u00a0<\/strong><\/em><br><img loading=\"lazy\" decoding=\"async\" width=\"24\" height=\"24\" srcset=\"https:\/\/whatthehack.fr\/wp-content\/uploads\/2022\/08\/nb-de-participants-300x300-1.jpg 300w, https:\/\/whatthehack.fr\/wp-content\/uploads\/2022\/08\/nb-de-participants-300x300-1-150x150.jpg 150w\" src=\"https:\/\/whatthehack.fr\/wp-content\/uploads\/2022\/08\/nb-de-participants-300x300-1-300x300.jpg\" alt=\"\">\u00a0 \u00c0 partir de 20 participants<br><img loading=\"lazy\" decoding=\"async\" width=\"24\" height=\"24\" src=\"https:\/\/whatthehack.fr\/wp-content\/uploads\/2022\/08\/desing-sprint-300x300-1-e1660828997958.jpg\" alt=\"\">\u00a0 \u00a0Entre 2 et 3 jours<br><img loading=\"lazy\" decoding=\"async\" width=\"23\" height=\"23\" src=\"https:\/\/whatthehack.fr\/wp-content\/uploads\/2022\/08\/intervenants-externes-300x300-1-300x300.jpg\" alt=\"intervenants externes\">\u00a0 \u00a0Intervenants externes : coachs, speakers\u2026<br><img loading=\"lazy\" decoding=\"async\" width=\"27\" height=\"27\" src=\"https:\/\/whatthehack.fr\/wp-content\/uploads\/2022\/07\/logisti-300x300.png\" alt=\"logistique \u00e9v\u00e9nement\">\u00a0 Logistique, Catering et Communication<br><img loading=\"lazy\" decoding=\"async\" width=\"26\" height=\"26\" srcset=\"https:\/\/whatthehack.fr\/wp-content\/uploads\/2022\/12\/micro-300x300.png 300w, https:\/\/whatthehack.fr\/wp-content\/uploads\/2022\/12\/micro-150x150.png 150w, https:\/\/whatthehack.fr\/wp-content\/uploads\/2022\/12\/micro.png 512w\" src=\"https:\/\/whatthehack.fr\/wp-content\/uploads\/2022\/12\/micro-300x300.png\" alt=\"animation\">\u00a0 \u00a0Animation et facilitation<\/td><\/tr><\/tbody><\/table><\/figure>\n","protected":false},"excerpt":{"rendered":"<p>SCHOOL-HACK Hackathons p\u00e9dagogiques qui aident vos \u00e9tudiants \u00e0 d\u00e9velopper des projets (\u00e0 se d\u00e9passer \/ \u00e0 entreprendre). \u00a0 \u00a0\u00c0 partir de 20 participants\u00a0 \u00a0Entre 2 et 5 jours\u00a0 Animation et facilitation SEMI-HACK Un service ax\u00e9 sur l\u2019accompagnement et l\u2019animation d\u2019un hackathon : \u201cvous faites et on vous aide \u00e0 faire\u201d.\u00a0<a href=\"https:\/\/innosen.sn\/index.php\/creation\/\" class=\"read-more\">Read More<\/a><\/p>\n","protected":false},"author":1,"featured_media":0,"parent":0,"menu_order":0,"comment_status":"closed","ping_status":"closed","template":"","meta":{"footnotes":""},"class_list":["post-37","page","type-page","status-publish","hentry"],"_links":{"self":[{"href":"https:\/\/innosen.sn\/index.php\/wp-json\/wp\/v2\/pages\/37","targetHints":{"allow":["GET"]}}],"collection":[{"href":"https:\/\/innosen.sn\/index.php\/wp-json\/wp\/v2\/pages"}],"about":[{"href":"https:\/\/innosen.sn\/index.php\/wp-json\/wp\/v2\/types\/page"}],"author":[{"embeddable":true,"href":"https:\/\/innosen.sn\/index.php\/wp-json\/wp\/v2\/users\/1"}],"replies":[{"embeddable":true,"href":"https:\/\/innosen.sn\/index.php\/wp-json\/wp\/v2\/comments?post=37"}],"version-history":[{"count":5,"href":"https:\/\/innosen.sn\/index.php\/wp-json\/wp\/v2\/pages\/37\/revisions"}],"predecessor-version":[{"id":274,"href":"https:\/\/innosen.sn\/index.php\/wp-json\/wp\/v2\/pages\/37\/revisions\/274"}],"wp:attachment":[{"href":"https:\/\/innosen.sn\/index.php\/wp-json\/wp\/v2\/media?parent=37"}],"curies":[{"name":"wp","href":"https:\/\/api.w.org\/{rel}","templated":true}]}}